{"id":32,"date":"2025-04-14T08:48:42","date_gmt":"2025-04-14T05:48:42","guid":{"rendered":"https:\/\/new.cruceroalparaiso.gr\/?page_id=32"},"modified":"2025-05-17T10:46:47","modified_gmt":"2025-05-17T07:46:47","slug":"about-us","status":"publish","type":"page","link":"https:\/\/cruceroalparaiso.gr\/fr\/about-us\/","title":{"rendered":"A propos de nous"},"content":{"rendered":"<div data-elementor-type=\"wp-page\" data-elementor-id=\"32\" class=\"elementor elementor-32\" data-elementor-post-type=\"page\">\n\t\t\t\t<div class=\"elementor-element elementor-element-3d32ba6 e-flex e-con-boxed e-con e-parent\" data-id=\"3d32ba6\" data-element_type=\"container\" data-e-type=\"container\">\n\t\t\t\t\t<div class=\"e-con-inner\">\n\t\t\t\t<div class=\"elementor-element elementor-element-adf76b0 elementor-invisible elementor-widget elementor-widget-heading\" data-id=\"adf76b0\" data-element_type=\"widget\" data-e-type=\"widget\" data-settings=\"{&quot;_animation&quot;:&quot;fadeIn&quot;}\" data-widget_type=\"heading.default\">\n\t\t\t\t<div class=\"elementor-widget-container\">\n\t\t\t\t\t<h2 class=\"elementor-heading-title elementor-size-default\">\u00c0 propos de nous<\/h2>\t\t\t\t<\/div>\n\t\t\t\t<\/div>\n\t\t\t\t<div class=\"elementor-element elementor-element-a053d71 elementor-invisible elementor-widget elementor-widget-heading\" data-id=\"a053d71\" data-element_type=\"widget\" data-e-type=\"widget\" data-settings=\"{&quot;_animation&quot;:&quot;fadeIn&quot;}\" data-widget_type=\"heading.default\">\n\t\t\t\t<div class=\"elementor-widget-container\">\n\t\t\t\t\t<h2 class=\"elementor-heading-title elementor-size-default\"><a href=\"https:\/\/new.cruceroalparaiso.gr\/trips\/\">\u00c0 propos de nous<\/a><\/h2>\t\t\t\t<\/div>\n\t\t\t\t<\/div>\n\t\t\t\t<div class=\"elementor-element elementor-element-4ee4f72 elementor-align-center elementor-widget elementor-widget-breadcrumbs\" data-id=\"4ee4f72\" data-element_type=\"widget\" data-e-type=\"widget\" data-widget_type=\"breadcrumbs.default\">\n\t\t\t\t<div class=\"elementor-widget-container\">\n\t\t\t\t\t<p id=\"breadcrumbs\"><span><span><a href=\"https:\/\/cruceroalparaiso.gr\/fr\/\">Accueil<\/a><\/span><\/span><\/p>\t\t\t\t<\/div>\n\t\t\t\t<\/div>\n\t\t\t\t\t<\/div>\n\t\t\t\t<\/div>\n\t\t<div class=\"elementor-element elementor-element-a02bf8d e-flex e-con-boxed e-con e-parent\" data-id=\"a02bf8d\" data-element_type=\"container\" data-e-type=\"container\">\n\t\t\t\t\t<div class=\"e-con-inner\">\n\t\t\t\t<div class=\"elementor-element elementor-element-bae4c76 elementor-widget elementor-widget-text-editor\" data-id=\"bae4c76\" data-element_type=\"widget\" data-e-type=\"widget\" data-widget_type=\"text-editor.default\">\n\t\t\t\t<div class=\"elementor-widget-container\">\n\t\t\t\t\t\t\t\t\t<p>Des eaux azur\u00e9es de Gramvousa et de la lagune de Balos \u00e0 l'\u00eele d'Aphrodite, en passant par Kythira et l'exotique Milos, nous vous invitons \u00e0 un voyage unique, en accordant toujours la priorit\u00e9 \u00e0 votre s\u00e9curit\u00e9 et \u00e0 votre confort.<\/p><p>Que vous pr\u00e9f\u00e9riez\u00a0<strong>des voyages pr\u00e9\u00e9tablis<\/strong>\u00a0ou un\u00a0<strong>itin\u00e9raire personnalis\u00e9<\/strong>Nous sommes l\u00e0 pour vous aider \u00e0 vivre des moments inoubliables en mer.<\/p><p>Bas\u00e9e \u00e0 Kissamos, Chania, Cr\u00e8te, notre soci\u00e9t\u00e9 a pour objectif d'offrir des exp\u00e9riences maritimes uniques.<\/p><p>Compos\u00e9 de personnes profond\u00e9ment passionn\u00e9es par la mer et connaissant bien ses tr\u00e9sors cach\u00e9s.<\/p><p><strong>Louez l'un de nos bateaux au d\u00e9part du port de Kissamos ou de Falassarna.<\/strong>\u00a0et explorer nos destinations.<\/p><p>Vous pouvez\u00a0<strong>choisissez parmi nos excursions pr\u00e9\u00e9tablies ou cr\u00e9ez votre propre excursion en mer<\/strong>\u00a0en nous contactant directement. Nous veillons \u00e0 ce que votre d\u00e9part soit pratique et adapt\u00e9 \u00e0 vos besoins.<\/p><p>Crucero Al Paraiso a \u00e9t\u00e9 fond\u00e9 en 2020 par Michalis Sgouromallis et Nikos-Plastiras Schoinoplokakis en raison de leur immense amour pour la mer.<\/p><p>Michalis, sauveteur et plongeur certifi\u00e9, et Nikos, \u00e9galement plongeur et grand passionn\u00e9 de sports nautiques et de hors-bord, fa\u00e7onnent notre entreprise gr\u00e2ce \u00e0 leur expertise technique et \u00e0 leur amour de la mer.<\/p><p>De plus, Mme Katerina Sgouromallis, toujours souriante, est l\u00e0 pour vous aider \u00e0 r\u00e9server votre excursion en mer, vous garantissant ainsi un service optimal et imm\u00e9diat.<\/p>\t\t\t\t\t\t\t\t<\/div>\n\t\t\t\t<\/div>\n\t\t\t\t\t<\/div>\n\t\t\t\t<\/div>\n\t\t<div class=\"elementor-element elementor-element-afaf217 e-flex e-con-boxed e-con e-parent\" data-id=\"afaf217\" data-element_type=\"container\" data-e-type=\"container\">\n\t\t\t\t\t<div class=\"e-con-inner\">\n\t\t\t\t<div class=\"elementor-element elementor-element-0d63f8f gallery-spacing-custom elementor-widget elementor-widget-image-gallery\" data-id=\"0d63f8f\" data-element_type=\"widget\" data-e-type=\"widget\" data-widget_type=\"image-gallery.default\">\n\t\t\t\t<div class=\"elementor-widget-container\">\n\t\t\t\t\t\t\t<div class=\"elementor-image-gallery\">\n\t\t\t<div id='gallery-1' class='gallery galleryid-32 gallery-columns-2 gallery-size-medium_large'><figure class='gallery-item'>\n\t\t\t<div class='gallery-icon landscape'>\n\t\t\t\t<a data-elementor-open-lightbox=\"yes\" data-elementor-lightbox-slideshow=\"0d63f8f\" data-elementor-lightbox-title=\"IMG_0951\" data-e-action-hash=\"#elementor-action%3Aaction%3Dlightbox%26settings%3DeyJpZCI6NDIxLCJ1cmwiOiJodHRwczpcL1wvY3J1Y2Vyb2FscGFyYWlzby5nclwvd3AtY29udGVudFwvdXBsb2Fkc1wvMjAyNVwvMDRcL0lNR18wOTUxLXNjYWxlZC5qcGciLCJzbGlkZXNob3ciOiIwZDYzZjhmIn0%3D\" href='https:\/\/cruceroalparaiso.gr\/wp-content\/uploads\/2025\/04\/IMG_0951-scaled.jpg'><img fetchpriority=\"high\" decoding=\"async\" width=\"768\" height=\"432\" src=\"https:\/\/cruceroalparaiso.gr\/wp-content\/uploads\/2025\/04\/IMG_0951-768x432.jpg\" class=\"attachment-medium_large size-medium_large\" alt=\"\" srcset=\"https:\/\/cruceroalparaiso.gr\/wp-content\/uploads\/2025\/04\/IMG_0951-768x432.jpg 768w, https:\/\/cruceroalparaiso.gr\/wp-content\/uploads\/2025\/04\/IMG_0951-300x169.jpg 300w, https:\/\/cruceroalparaiso.gr\/wp-content\/uploads\/2025\/04\/IMG_0951-1024x576.jpg 1024w, https:\/\/cruceroalparaiso.gr\/wp-content\/uploads\/2025\/04\/IMG_0951-1536x864.jpg 1536w, https:\/\/cruceroalparaiso.gr\/wp-content\/uploads\/2025\/04\/IMG_0951-2048x1152.jpg 2048w, https:\/\/cruceroalparaiso.gr\/wp-content\/uploads\/2025\/04\/IMG_0951-18x10.jpg 18w\" sizes=\"(max-width: 768px) 100vw, 768px\" \/><\/a>\n\t\t\t<\/div><\/figure><figure class='gallery-item'>\n\t\t\t<div class='gallery-icon landscape'>\n\t\t\t\t<a data-elementor-open-lightbox=\"yes\" data-elementor-lightbox-slideshow=\"0d63f8f\" data-elementor-lightbox-title=\"IMG_1002\" data-e-action-hash=\"#elementor-action%3Aaction%3Dlightbox%26settings%3DeyJpZCI6NDA4LCJ1cmwiOiJodHRwczpcL1wvY3J1Y2Vyb2FscGFyYWlzby5nclwvd3AtY29udGVudFwvdXBsb2Fkc1wvMjAyNVwvMDRcL0lNR18xMDAyLmpwZyIsInNsaWRlc2hvdyI6IjBkNjNmOGYifQ%3D%3D\" href='https:\/\/cruceroalparaiso.gr\/wp-content\/uploads\/2025\/04\/IMG_1002.jpg'><img decoding=\"async\" width=\"768\" height=\"432\" src=\"https:\/\/cruceroalparaiso.gr\/wp-content\/uploads\/2025\/04\/IMG_1002-768x432.jpg\" class=\"attachment-medium_large size-medium_large\" alt=\"\" srcset=\"https:\/\/cruceroalparaiso.gr\/wp-content\/uploads\/2025\/04\/IMG_1002-768x432.jpg 768w, https:\/\/cruceroalparaiso.gr\/wp-content\/uploads\/2025\/04\/IMG_1002-300x169.jpg 300w, https:\/\/cruceroalparaiso.gr\/wp-content\/uploads\/2025\/04\/IMG_1002-1024x576.jpg 1024w, https:\/\/cruceroalparaiso.gr\/wp-content\/uploads\/2025\/04\/IMG_1002-1536x864.jpg 1536w, https:\/\/cruceroalparaiso.gr\/wp-content\/uploads\/2025\/04\/IMG_1002-18x10.jpg 18w, https:\/\/cruceroalparaiso.gr\/wp-content\/uploads\/2025\/04\/IMG_1002.jpg 2048w\" sizes=\"(max-width: 768px) 100vw, 768px\" \/><\/a>\n\t\t\t<\/div><\/figure><figure class='gallery-item'>\n\t\t\t<div class='gallery-icon landscape'>\n\t\t\t\t<a data-elementor-open-lightbox=\"yes\" data-elementor-lightbox-slideshow=\"0d63f8f\" data-elementor-lightbox-title=\"IMG_7728(1)\" data-e-action-hash=\"#elementor-action%3Aaction%3Dlightbox%26settings%3DeyJpZCI6MzI3LCJ1cmwiOiJodHRwczpcL1wvY3J1Y2Vyb2FscGFyYWlzby5nclwvd3AtY29udGVudFwvdXBsb2Fkc1wvMjAyNVwvMDRcL0lNR183NzI4MS0xLmpwZyIsInNsaWRlc2hvdyI6IjBkNjNmOGYifQ%3D%3D\" href='https:\/\/cruceroalparaiso.gr\/wp-content\/uploads\/2025\/04\/IMG_77281-1.jpg'><img decoding=\"async\" width=\"768\" height=\"576\" src=\"https:\/\/cruceroalparaiso.gr\/wp-content\/uploads\/2025\/04\/IMG_77281-1-768x576.jpg\" class=\"attachment-medium_large size-medium_large\" alt=\"\" srcset=\"https:\/\/cruceroalparaiso.gr\/wp-content\/uploads\/2025\/04\/IMG_77281-1-768x576.jpg 768w, https:\/\/cruceroalparaiso.gr\/wp-content\/uploads\/2025\/04\/IMG_77281-1-300x225.jpg 300w, https:\/\/cruceroalparaiso.gr\/wp-content\/uploads\/2025\/04\/IMG_77281-1-1024x768.jpg 1024w, https:\/\/cruceroalparaiso.gr\/wp-content\/uploads\/2025\/04\/IMG_77281-1-1536x1152.jpg 1536w, https:\/\/cruceroalparaiso.gr\/wp-content\/uploads\/2025\/04\/IMG_77281-1-16x12.jpg 16w, https:\/\/cruceroalparaiso.gr\/wp-content\/uploads\/2025\/04\/IMG_77281-1.jpg 2048w\" sizes=\"(max-width: 768px) 100vw, 768px\" \/><\/a>\n\t\t\t<\/div><\/figure><figure class='gallery-item'>\n\t\t\t<div class='gallery-icon landscape'>\n\t\t\t\t<a data-elementor-open-lightbox=\"yes\" data-elementor-lightbox-slideshow=\"0d63f8f\" data-elementor-lightbox-title=\"balos\" data-e-action-hash=\"#elementor-action%3Aaction%3Dlightbox%26settings%3DeyJpZCI6Mjc0LCJ1cmwiOiJodHRwczpcL1wvY3J1Y2Vyb2FscGFyYWlzby5nclwvd3AtY29udGVudFwvdXBsb2Fkc1wvMjAyNVwvMDRcL0hlYWRpbmctNi5wbmciLCJzbGlkZXNob3ciOiIwZDYzZjhmIn0%3D\" href='https:\/\/cruceroalparaiso.gr\/wp-content\/uploads\/2025\/04\/Heading-6.png'><img loading=\"lazy\" decoding=\"async\" width=\"768\" height=\"768\" src=\"https:\/\/cruceroalparaiso.gr\/wp-content\/uploads\/2025\/04\/Heading-6-768x768.png\" class=\"attachment-medium_large size-medium_large\" alt=\"\" srcset=\"https:\/\/cruceroalparaiso.gr\/wp-content\/uploads\/2025\/04\/Heading-6-768x768.png 768w, https:\/\/cruceroalparaiso.gr\/wp-content\/uploads\/2025\/04\/Heading-6-300x300.png 300w, https:\/\/cruceroalparaiso.gr\/wp-content\/uploads\/2025\/04\/Heading-6-150x150.png 150w, https:\/\/cruceroalparaiso.gr\/wp-content\/uploads\/2025\/04\/Heading-6-12x12.png 12w, https:\/\/cruceroalparaiso.gr\/wp-content\/uploads\/2025\/04\/Heading-6.png 800w\" sizes=\"(max-width: 768px) 100vw, 768px\" \/><\/a>\n\t\t\t<\/div><\/figure><figure class='gallery-item'>\n\t\t\t<div class='gallery-icon landscape'>\n\t\t\t\t<a data-elementor-open-lightbox=\"yes\" data-elementor-lightbox-slideshow=\"0d63f8f\" data-elementor-lightbox-title=\"poseidon balos\" data-e-action-hash=\"#elementor-action%3Aaction%3Dlightbox%26settings%3DeyJpZCI6MjIxLCJ1cmwiOiJodHRwczpcL1wvY3J1Y2Vyb2FscGFyYWlzby5nclwvd3AtY29udGVudFwvdXBsb2Fkc1wvMjAyNVwvMDRcL2FkbWluLWFqYXgtMy5qcGciLCJzbGlkZXNob3ciOiIwZDYzZjhmIn0%3D\" href='https:\/\/cruceroalparaiso.gr\/wp-content\/uploads\/2025\/04\/admin-ajax-3.jpg'><img loading=\"lazy\" decoding=\"async\" width=\"600\" height=\"450\" src=\"https:\/\/cruceroalparaiso.gr\/wp-content\/uploads\/2025\/04\/admin-ajax-3.jpg\" class=\"attachment-medium_large size-medium_large\" alt=\"\" srcset=\"https:\/\/cruceroalparaiso.gr\/wp-content\/uploads\/2025\/04\/admin-ajax-3.jpg 600w, https:\/\/cruceroalparaiso.gr\/wp-content\/uploads\/2025\/04\/admin-ajax-3-300x225.jpg 300w, https:\/\/cruceroalparaiso.gr\/wp-content\/uploads\/2025\/04\/admin-ajax-3-16x12.jpg 16w\" sizes=\"(max-width: 600px) 100vw, 600px\" \/><\/a>\n\t\t\t<\/div><\/figure><figure class='gallery-item'>\n\t\t\t<div class='gallery-icon landscape'>\n\t\t\t\t<a data-elementor-open-lightbox=\"yes\" data-elementor-lightbox-slideshow=\"0d63f8f\" data-elementor-lightbox-title=\"IMG_0998\" data-e-action-hash=\"#elementor-action%3Aaction%3Dlightbox%26settings%3DeyJpZCI6MTgwLCJ1cmwiOiJodHRwczpcL1wvY3J1Y2Vyb2FscGFyYWlzby5nclwvd3AtY29udGVudFwvdXBsb2Fkc1wvMjAyNVwvMDRcL0lNR18wOTk4LmpwZyIsInNsaWRlc2hvdyI6IjBkNjNmOGYifQ%3D%3D\" href='https:\/\/cruceroalparaiso.gr\/wp-content\/uploads\/2025\/04\/IMG_0998.jpg'><img loading=\"lazy\" decoding=\"async\" width=\"768\" height=\"432\" src=\"https:\/\/cruceroalparaiso.gr\/wp-content\/uploads\/2025\/04\/IMG_0998-768x432.jpg\" class=\"attachment-medium_large size-medium_large\" alt=\"\" srcset=\"https:\/\/cruceroalparaiso.gr\/wp-content\/uploads\/2025\/04\/IMG_0998-768x432.jpg 768w, https:\/\/cruceroalparaiso.gr\/wp-content\/uploads\/2025\/04\/IMG_0998-300x169.jpg 300w, https:\/\/cruceroalparaiso.gr\/wp-content\/uploads\/2025\/04\/IMG_0998-1024x576.jpg 1024w, https:\/\/cruceroalparaiso.gr\/wp-content\/uploads\/2025\/04\/IMG_0998-1536x864.jpg 1536w, https:\/\/cruceroalparaiso.gr\/wp-content\/uploads\/2025\/04\/IMG_0998-18x10.jpg 18w, https:\/\/cruceroalparaiso.gr\/wp-content\/uploads\/2025\/04\/IMG_0998.jpg 2048w\" sizes=\"(max-width: 768px) 100vw, 768px\" \/><\/a>\n\t\t\t<\/div><\/figure><figure class='gallery-item'>\n\t\t\t<div class='gallery-icon landscape'>\n\t\t\t\t<a data-elementor-open-lightbox=\"yes\" data-elementor-lightbox-slideshow=\"0d63f8f\" data-elementor-lightbox-title=\"IMG_0998\" data-e-action-hash=\"#elementor-action%3Aaction%3Dlightbox%26settings%3DeyJpZCI6NjQsInVybCI6Imh0dHBzOlwvXC9jcnVjZXJvYWxwYXJhaXNvLmdyXC93cC1jb250ZW50XC91cGxvYWRzXC8yMDI1XC8wNFwvSU1HXzA5MTAtc2NhbGVkLmpwZyIsInNsaWRlc2hvdyI6IjBkNjNmOGYifQ%3D%3D\" href='https:\/\/cruceroalparaiso.gr\/wp-content\/uploads\/2025\/04\/IMG_0910-scaled.jpg'><img loading=\"lazy\" decoding=\"async\" width=\"768\" height=\"576\" src=\"https:\/\/cruceroalparaiso.gr\/wp-content\/uploads\/2025\/04\/IMG_0910-768x576.jpg\" class=\"attachment-medium_large size-medium_large\" alt=\"\" srcset=\"https:\/\/cruceroalparaiso.gr\/wp-content\/uploads\/2025\/04\/IMG_0910-768x576.jpg 768w, https:\/\/cruceroalparaiso.gr\/wp-content\/uploads\/2025\/04\/IMG_0910-300x225.jpg 300w, https:\/\/cruceroalparaiso.gr\/wp-content\/uploads\/2025\/04\/IMG_0910-1024x768.jpg 1024w, https:\/\/cruceroalparaiso.gr\/wp-content\/uploads\/2025\/04\/IMG_0910-1536x1152.jpg 1536w, https:\/\/cruceroalparaiso.gr\/wp-content\/uploads\/2025\/04\/IMG_0910-2048x1536.jpg 2048w, https:\/\/cruceroalparaiso.gr\/wp-content\/uploads\/2025\/04\/IMG_0910-16x12.jpg 16w, https:\/\/cruceroalparaiso.gr\/wp-content\/uploads\/2025\/04\/IMG_0910-scaled.jpg 800w\" sizes=\"(max-width: 768px) 100vw, 768px\" \/><\/a>\n\t\t\t<\/div><\/figure><figure class='gallery-item'>\n\t\t\t<div class='gallery-icon landscape'>\n\t\t\t\t<a data-elementor-open-lightbox=\"yes\" data-elementor-lightbox-slideshow=\"0d63f8f\" data-elementor-lightbox-title=\"plastiras\" data-e-action-hash=\"#elementor-action%3Aaction%3Dlightbox%26settings%3DeyJpZCI6MTQwLCJ1cmwiOiJodHRwczpcL1wvY3J1Y2Vyb2FscGFyYWlzby5nclwvd3AtY29udGVudFwvdXBsb2Fkc1wvMjAyNVwvMDRcL3BsYXN0aXJhcy5qcGciLCJzbGlkZXNob3ciOiIwZDYzZjhmIn0%3D\" href='https:\/\/cruceroalparaiso.gr\/wp-content\/uploads\/2025\/04\/plastiras.jpg'><img loading=\"lazy\" decoding=\"async\" width=\"600\" height=\"400\" src=\"https:\/\/cruceroalparaiso.gr\/wp-content\/uploads\/2025\/04\/plastiras.jpg\" class=\"attachment-medium_large size-medium_large\" alt=\"\" srcset=\"https:\/\/cruceroalparaiso.gr\/wp-content\/uploads\/2025\/04\/plastiras.jpg 600w, https:\/\/cruceroalparaiso.gr\/wp-content\/uploads\/2025\/04\/plastiras-300x200.jpg 300w, https:\/\/cruceroalparaiso.gr\/wp-content\/uploads\/2025\/04\/plastiras-18x12.jpg 18w\" sizes=\"(max-width: 600px) 100vw, 600px\" \/><\/a>\n\t\t\t<\/div><\/figure><figure class='gallery-item'>\n\t\t\t<div class='gallery-icon landscape'>\n\t\t\t\t<a data-elementor-open-lightbox=\"yes\" data-elementor-lightbox-slideshow=\"0d63f8f\" data-elementor-lightbox-title=\"plastiras\" data-e-action-hash=\"#elementor-action%3Aaction%3Dlightbox%26settings%3DeyJpZCI6NTAsInVybCI6Imh0dHBzOlwvXC9jcnVjZXJvYWxwYXJhaXNvLmdyXC93cC1jb250ZW50XC91cGxvYWRzXC8yMDI1XC8wNFwvSU1HXzc3MjgxLmpwZyIsInNsaWRlc2hvdyI6IjBkNjNmOGYifQ%3D%3D\" href='https:\/\/cruceroalparaiso.gr\/wp-content\/uploads\/2025\/04\/IMG_77281.jpg'><img loading=\"lazy\" decoding=\"async\" width=\"768\" height=\"576\" src=\"https:\/\/cruceroalparaiso.gr\/wp-content\/uploads\/2025\/04\/IMG_77281-768x576.jpg\" class=\"attachment-medium_large size-medium_large\" alt=\"\" srcset=\"https:\/\/cruceroalparaiso.gr\/wp-content\/uploads\/2025\/04\/IMG_77281-768x576.jpg 768w, https:\/\/cruceroalparaiso.gr\/wp-content\/uploads\/2025\/04\/IMG_77281-300x225.jpg 300w, https:\/\/cruceroalparaiso.gr\/wp-content\/uploads\/2025\/04\/IMG_77281-1024x768.jpg 1024w, https:\/\/cruceroalparaiso.gr\/wp-content\/uploads\/2025\/04\/IMG_77281-1536x1152.jpg 1536w, https:\/\/cruceroalparaiso.gr\/wp-content\/uploads\/2025\/04\/IMG_77281-16x12.jpg 16w, https:\/\/cruceroalparaiso.gr\/wp-content\/uploads\/2025\/04\/IMG_77281.jpg 800w\" sizes=\"(max-width: 768px) 100vw, 768px\" \/><\/a>\n\t\t\t<\/div><\/figure>\n\t\t<\/div>\n\t\t<\/div>\n\t\t\t\t\t\t<\/div>\n\t\t\t\t<\/div>\n\t\t\t\t\t<\/div>\n\t\t\t\t<\/div>\n\t\t<div class=\"elementor-element elementor-element-ee16d96 e-flex e-con-boxed e-con e-parent\" data-id=\"ee16d96\" data-element_type=\"container\" data-e-type=\"container\">\n\t\t\t\t\t<div class=\"e-con-inner\">\n\t\t\t\t<div class=\"elementor-element elementor-element-d1f15ec elementor-widget elementor-widget-spacer\" data-id=\"d1f15ec\" data-element_type=\"widget\" data-e-type=\"widget\" data-widget_type=\"spacer.default\">\n\t\t\t\t<div class=\"elementor-widget-container\">\n\t\t\t\t\t\t\t<div class=\"elementor-spacer\">\n\t\t\t<div class=\"elementor-spacer-inner\"><\/div>\n\t\t<\/div>\n\t\t\t\t\t\t<\/div>\n\t\t\t\t<\/div>\n\t\t\t\t\t<\/div>\n\t\t\t\t<\/div>\n\t\t\t\t<\/div>","protected":false},"excerpt":{"rendered":"<p>About Us About Us From the azure waters of Gramvousa and the lagoon of Balos to the island of Aphrodite, Kythira, and exotic Milos, we invite you on a unique journey, always prioritizing your safety and comfort. Whether you prefer\u00a0pre-designed trips\u00a0or a\u00a0customized itinerary, we are here to help you experience unforgettable moments at sea. Based [&hellip;]<\/p>\n","protected":false},"author":2,"featured_media":0,"parent":0,"menu_order":0,"comment_status":"closed","ping_status":"closed","template":"elementor_header_footer","meta":{"footnotes":""},"class_list":["post-32","page","type-page","status-publish","hentry"],"blocksy_meta":[],"yoast_head":"<!-- This site is optimized with the Yoast SEO plugin v27.1.1 - https:\/\/yoast.com\/product\/yoast-seo-wordpress\/ -->\n<title>About us - cruceroalparaiso.gr<\/title>\n<meta name=\"robots\" content=\"index, follow, max-snippet:-1, max-image-preview:large, max-video-preview:-1\" \/>\n<link rel=\"canonical\" href=\"https:\/\/cruceroalparaiso.gr\/fr\/about-us\/\" \/>\n<meta property=\"og:locale\" content=\"fr_FR\" \/>\n<meta property=\"og:type\" content=\"article\" \/>\n<meta property=\"og:title\" content=\"About us - cruceroalparaiso.gr\" \/>\n<meta property=\"og:description\" content=\"About Us About Us From the azure waters of Gramvousa and the lagoon of Balos to the island of Aphrodite, Kythira, and exotic Milos, we invite you on a unique journey, always prioritizing your safety and comfort. Whether you prefer\u00a0pre-designed trips\u00a0or a\u00a0customized itinerary, we are here to help you experience unforgettable moments at sea. Based [&hellip;]\" \/>\n<meta property=\"og:url\" content=\"https:\/\/cruceroalparaiso.gr\/fr\/about-us\/\" \/>\n<meta property=\"og:site_name\" content=\"cruceroalparaiso.gr\" \/>\n<meta property=\"article:modified_time\" content=\"2025-05-17T07:46:47+00:00\" \/>\n<meta property=\"og:image\" content=\"https:\/\/cruceroalparaiso.gr\/wp-content\/uploads\/2025\/04\/IMG_0951-768x432.jpg\" \/>\n<meta name=\"twitter:card\" content=\"summary_large_image\" \/>\n<meta name=\"twitter:label1\" content=\"Dur\u00e9e de lecture estim\u00e9e\" \/>\n\t<meta name=\"twitter:data1\" content=\"3 minutes\" \/>\n<script type=\"application\/ld+json\" class=\"yoast-schema-graph\">{\"@context\":\"https:\/\/schema.org\",\"@graph\":[{\"@type\":\"WebPage\",\"@id\":\"https:\/\/cruceroalparaiso.gr\/about-us\/\",\"url\":\"https:\/\/cruceroalparaiso.gr\/about-us\/\",\"name\":\"About us - cruceroalparaiso.gr\",\"isPartOf\":{\"@id\":\"https:\/\/cruceroalparaiso.gr\/#website\"},\"primaryImageOfPage\":{\"@id\":\"https:\/\/cruceroalparaiso.gr\/about-us\/#primaryimage\"},\"image\":{\"@id\":\"https:\/\/cruceroalparaiso.gr\/about-us\/#primaryimage\"},\"thumbnailUrl\":\"https:\/\/cruceroalparaiso.gr\/wp-content\/uploads\/2025\/04\/IMG_0951-768x432.jpg\",\"datePublished\":\"2025-04-14T05:48:42+00:00\",\"dateModified\":\"2025-05-17T07:46:47+00:00\",\"breadcrumb\":{\"@id\":\"https:\/\/cruceroalparaiso.gr\/about-us\/#breadcrumb\"},\"inLanguage\":\"fr-FR\",\"potentialAction\":[{\"@type\":\"ReadAction\",\"target\":[\"https:\/\/cruceroalparaiso.gr\/about-us\/\"]}]},{\"@type\":\"ImageObject\",\"inLanguage\":\"fr-FR\",\"@id\":\"https:\/\/cruceroalparaiso.gr\/about-us\/#primaryimage\",\"url\":\"https:\/\/cruceroalparaiso.gr\/wp-content\/uploads\/2025\/04\/IMG_0951-768x432.jpg\",\"contentUrl\":\"https:\/\/cruceroalparaiso.gr\/wp-content\/uploads\/2025\/04\/IMG_0951-768x432.jpg\"},{\"@type\":\"BreadcrumbList\",\"@id\":\"https:\/\/cruceroalparaiso.gr\/about-us\/#breadcrumb\",\"itemListElement\":[{\"@type\":\"ListItem\",\"position\":1,\"name\":\"Home\",\"item\":\"https:\/\/cruceroalparaiso.gr\/\"},{\"@type\":\"ListItem\",\"position\":2,\"name\":\"About us\"}]},{\"@type\":\"WebSite\",\"@id\":\"https:\/\/cruceroalparaiso.gr\/#website\",\"url\":\"https:\/\/cruceroalparaiso.gr\/\",\"name\":\"cruceroalparaiso.gr\",\"description\":\"Private tours in Chania\",\"publisher\":{\"@id\":\"https:\/\/cruceroalparaiso.gr\/#organization\"},\"potentialAction\":[{\"@type\":\"SearchAction\",\"target\":{\"@type\":\"EntryPoint\",\"urlTemplate\":\"https:\/\/cruceroalparaiso.gr\/?s={search_term_string}\"},\"query-input\":{\"@type\":\"PropertyValueSpecification\",\"valueRequired\":true,\"valueName\":\"search_term_string\"}}],\"inLanguage\":\"fr-FR\"},{\"@type\":\"Organization\",\"@id\":\"https:\/\/cruceroalparaiso.gr\/#organization\",\"name\":\"cruceroalparaiso.gr\",\"url\":\"https:\/\/cruceroalparaiso.gr\/\",\"logo\":{\"@type\":\"ImageObject\",\"inLanguage\":\"fr-FR\",\"@id\":\"https:\/\/cruceroalparaiso.gr\/#\/schema\/logo\/image\/\",\"url\":\"https:\/\/cruceroalparaiso.gr\/wp-content\/uploads\/2025\/04\/cruceroalparaiso-logo-2-4.png\",\"contentUrl\":\"https:\/\/cruceroalparaiso.gr\/wp-content\/uploads\/2025\/04\/cruceroalparaiso-logo-2-4.png\",\"width\":1161,\"height\":1276,\"caption\":\"cruceroalparaiso.gr\"},\"image\":{\"@id\":\"https:\/\/cruceroalparaiso.gr\/#\/schema\/logo\/image\/\"}}]}<\/script>\n<!-- \/ Yoast SEO plugin. -->","yoast_head_json":{"title":"About us - cruceroalparaiso.gr","robots":{"index":"index","follow":"follow","max-snippet":"max-snippet:-1","max-image-preview":"max-image-preview:large","max-video-preview":"max-video-preview:-1"},"canonical":"https:\/\/cruceroalparaiso.gr\/fr\/about-us\/","og_locale":"fr_FR","og_type":"article","og_title":"About us - cruceroalparaiso.gr","og_description":"About Us About Us From the azure waters of Gramvousa and the lagoon of Balos to the island of Aphrodite, Kythira, and exotic Milos, we invite you on a unique journey, always prioritizing your safety and comfort. Whether you prefer\u00a0pre-designed trips\u00a0or a\u00a0customized itinerary, we are here to help you experience unforgettable moments at sea. Based [&hellip;]","og_url":"https:\/\/cruceroalparaiso.gr\/fr\/about-us\/","og_site_name":"cruceroalparaiso.gr","article_modified_time":"2025-05-17T07:46:47+00:00","og_image":[{"url":"https:\/\/cruceroalparaiso.gr\/wp-content\/uploads\/2025\/04\/IMG_0951-768x432.jpg","type":"","width":"","height":""}],"twitter_card":"summary_large_image","twitter_misc":{"Dur\u00e9e de lecture estim\u00e9e":"3 minutes"},"schema":{"@context":"https:\/\/schema.org","@graph":[{"@type":"WebPage","@id":"https:\/\/cruceroalparaiso.gr\/about-us\/","url":"https:\/\/cruceroalparaiso.gr\/about-us\/","name":"About us - cruceroalparaiso.gr","isPartOf":{"@id":"https:\/\/cruceroalparaiso.gr\/#website"},"primaryImageOfPage":{"@id":"https:\/\/cruceroalparaiso.gr\/about-us\/#primaryimage"},"image":{"@id":"https:\/\/cruceroalparaiso.gr\/about-us\/#primaryimage"},"thumbnailUrl":"https:\/\/cruceroalparaiso.gr\/wp-content\/uploads\/2025\/04\/IMG_0951-768x432.jpg","datePublished":"2025-04-14T05:48:42+00:00","dateModified":"2025-05-17T07:46:47+00:00","breadcrumb":{"@id":"https:\/\/cruceroalparaiso.gr\/about-us\/#breadcrumb"},"inLanguage":"fr-FR","potentialAction":[{"@type":"ReadAction","target":["https:\/\/cruceroalparaiso.gr\/about-us\/"]}]},{"@type":"ImageObject","inLanguage":"fr-FR","@id":"https:\/\/cruceroalparaiso.gr\/about-us\/#primaryimage","url":"https:\/\/cruceroalparaiso.gr\/wp-content\/uploads\/2025\/04\/IMG_0951-768x432.jpg","contentUrl":"https:\/\/cruceroalparaiso.gr\/wp-content\/uploads\/2025\/04\/IMG_0951-768x432.jpg"},{"@type":"BreadcrumbList","@id":"https:\/\/cruceroalparaiso.gr\/about-us\/#breadcrumb","itemListElement":[{"@type":"ListItem","position":1,"name":"Home","item":"https:\/\/cruceroalparaiso.gr\/"},{"@type":"ListItem","position":2,"name":"About us"}]},{"@type":"WebSite","@id":"https:\/\/cruceroalparaiso.gr\/#website","url":"https:\/\/cruceroalparaiso.gr\/","name":"cruceroalparaiso.gr","description":"Visites priv\u00e9es \u00e0 La Can\u00e9e","publisher":{"@id":"https:\/\/cruceroalparaiso.gr\/#organization"},"potentialAction":[{"@type":"SearchAction","target":{"@type":"EntryPoint","urlTemplate":"https:\/\/cruceroalparaiso.gr\/?s={search_term_string}"},"query-input":{"@type":"PropertyValueSpecification","valueRequired":true,"valueName":"search_term_string"}}],"inLanguage":"fr-FR"},{"@type":"Organization","@id":"https:\/\/cruceroalparaiso.gr\/#organization","name":"cruceroalparaiso.gr","url":"https:\/\/cruceroalparaiso.gr\/","logo":{"@type":"ImageObject","inLanguage":"fr-FR","@id":"https:\/\/cruceroalparaiso.gr\/#\/schema\/logo\/image\/","url":"https:\/\/cruceroalparaiso.gr\/wp-content\/uploads\/2025\/04\/cruceroalparaiso-logo-2-4.png","contentUrl":"https:\/\/cruceroalparaiso.gr\/wp-content\/uploads\/2025\/04\/cruceroalparaiso-logo-2-4.png","width":1161,"height":1276,"caption":"cruceroalparaiso.gr"},"image":{"@id":"https:\/\/cruceroalparaiso.gr\/#\/schema\/logo\/image\/"}}]}},"_links":{"self":[{"href":"https:\/\/cruceroalparaiso.gr\/fr\/wp-json\/wp\/v2\/pages\/32","targetHints":{"allow":["GET"]}}],"collection":[{"href":"https:\/\/cruceroalparaiso.gr\/fr\/wp-json\/wp\/v2\/pages"}],"about":[{"href":"https:\/\/cruceroalparaiso.gr\/fr\/wp-json\/wp\/v2\/types\/page"}],"author":[{"embeddable":true,"href":"https:\/\/cruceroalparaiso.gr\/fr\/wp-json\/wp\/v2\/users\/2"}],"replies":[{"embeddable":true,"href":"https:\/\/cruceroalparaiso.gr\/fr\/wp-json\/wp\/v2\/comments?post=32"}],"version-history":[{"count":0,"href":"https:\/\/cruceroalparaiso.gr\/fr\/wp-json\/wp\/v2\/pages\/32\/revisions"}],"wp:attachment":[{"href":"https:\/\/cruceroalparaiso.gr\/fr\/wp-json\/wp\/v2\/media?parent=32"}],"curies":[{"name":"wp","href":"https:\/\/api.w.org\/{rel}","templated":true}]}}