{"id":30,"date":"2025-04-14T08:48:21","date_gmt":"2025-04-14T05:48:21","guid":{"rendered":"https:\/\/new.cruceroalparaiso.gr\/?page_id=30"},"modified":"2025-05-08T19:52:16","modified_gmt":"2025-05-08T16:52:16","slug":"special-events-boat-trips","status":"publish","type":"page","link":"https:\/\/cruceroalparaiso.gr\/de\/special-events-boat-trips\/","title":{"rendered":"Dienstleistungen"},"content":{"rendered":"<div data-elementor-type=\"wp-page\" data-elementor-id=\"30\" class=\"elementor elementor-30\" data-elementor-post-type=\"page\">\n\t\t\t\t<div class=\"elementor-element elementor-element-e2ece4c e-flex e-con-boxed e-con e-parent\" data-id=\"e2ece4c\" data-element_type=\"container\" data-e-type=\"container\">\n\t\t\t\t\t<div class=\"e-con-inner\">\n\t\t\t\t<div class=\"elementor-element elementor-element-a66654a elementor-align-center elementor-widget elementor-widget-breadcrumbs\" data-id=\"a66654a\" data-element_type=\"widget\" data-e-type=\"widget\" data-widget_type=\"breadcrumbs.default\">\n\t\t\t\t<div class=\"elementor-widget-container\">\n\t\t\t\t\t<p id=\"breadcrumbs\"><span><span><a href=\"https:\/\/cruceroalparaiso.gr\/de\/\">Startseite<\/a><\/span><\/span><\/p>\t\t\t\t<\/div>\n\t\t\t\t<\/div>\n\t\t\t\t<div class=\"elementor-element elementor-element-1890445 elementor-invisible elementor-widget elementor-widget-heading\" data-id=\"1890445\" data-element_type=\"widget\" data-e-type=\"widget\" data-settings=\"{&quot;_animation&quot;:&quot;fadeIn&quot;}\" data-widget_type=\"heading.default\">\n\t\t\t\t<div class=\"elementor-widget-container\">\n\t\t\t\t\t<h2 class=\"elementor-heading-title elementor-size-default\"><a href=\"https:\/\/new.cruceroalparaiso.gr\/trips\/\">Seedienste<\/a><\/h2>\t\t\t\t<\/div>\n\t\t\t\t<\/div>\n\t\t\t\t<div class=\"elementor-element elementor-element-802194b elementor-invisible elementor-widget elementor-widget-heading\" data-id=\"802194b\" data-element_type=\"widget\" data-e-type=\"widget\" data-settings=\"{&quot;_animation&quot;:&quot;fadeIn&quot;}\" data-widget_type=\"heading.default\">\n\t\t\t\t<div class=\"elementor-widget-container\">\n\t\t\t\t\t<h2 class=\"elementor-heading-title elementor-size-default\">Seedienste<\/h2>\t\t\t\t<\/div>\n\t\t\t\t<\/div>\n\t\t\t\t<div class=\"elementor-element elementor-element-f7e64d5 elementor-widget elementor-widget-text-editor\" data-id=\"f7e64d5\" data-element_type=\"widget\" data-e-type=\"widget\" data-widget_type=\"text-editor.default\">\n\t\t\t\t<div class=\"elementor-widget-container\">\n\t\t\t\t\t\t\t\t\t<p>Egal zu welchem Anlass - wir sind daf\u00fcr da, Ihre Zeit auf See sicher, unvergesslich und m\u00fchelos zu gestalten.<\/p>\t\t\t\t\t\t\t\t<\/div>\n\t\t\t\t<\/div>\n\t\t\t\t\t<\/div>\n\t\t\t\t<\/div>\n\t\t<div class=\"elementor-element elementor-element-224557c1 e-con-full e-flex e-con e-parent\" data-id=\"224557c1\" data-element_type=\"container\" data-e-type=\"container\" data-settings=\"{&quot;background_background&quot;:&quot;classic&quot;}\">\n\t\t<div class=\"elementor-element elementor-element-5a950d11 e-con-full e-flex e-con e-child\" data-id=\"5a950d11\" data-element_type=\"container\" data-e-type=\"container\">\n\t\t\t\t<div class=\"elementor-element elementor-element-366e10b5 elementor-widget elementor-widget-heading\" data-id=\"366e10b5\" data-element_type=\"widget\" data-e-type=\"widget\" data-settings=\"{&quot;_animation_mobile&quot;:&quot;fadeIn&quot;}\" data-widget_type=\"heading.default\">\n\t\t\t\t<div class=\"elementor-widget-container\">\n\t\t\t\t\t<h2 class=\"elementor-heading-title elementor-size-default\">1) Besondere Ereignisse<\/h2>\t\t\t\t<\/div>\n\t\t\t\t<\/div>\n\t\t\t\t<\/div>\n\t\t<div class=\"elementor-element elementor-element-696109b6 e-con-full e-flex e-con e-child\" data-id=\"696109b6\" data-element_type=\"container\" data-e-type=\"container\">\n\t\t\t\t<div class=\"elementor-element elementor-element-1127d98f elementor-widget elementor-widget-image\" data-id=\"1127d98f\" data-element_type=\"widget\" data-e-type=\"widget\" data-widget_type=\"image.default\">\n\t\t\t\t<div class=\"elementor-widget-container\">\n\t\t\t\t\t\t\t\t\t\t\t\t\t\t\t<img fetchpriority=\"high\" decoding=\"async\" width=\"1024\" height=\"576\" src=\"https:\/\/cruceroalparaiso.gr\/wp-content\/uploads\/2025\/04\/IMG_0998-1024x576.jpg\" class=\"attachment-large size-large wp-image-180\" alt=\"\" srcset=\"https:\/\/cruceroalparaiso.gr\/wp-content\/uploads\/2025\/04\/IMG_0998-1024x576.jpg 1024w, https:\/\/cruceroalparaiso.gr\/wp-content\/uploads\/2025\/04\/IMG_0998-300x169.jpg 300w, https:\/\/cruceroalparaiso.gr\/wp-content\/uploads\/2025\/04\/IMG_0998-768x432.jpg 768w, https:\/\/cruceroalparaiso.gr\/wp-content\/uploads\/2025\/04\/IMG_0998-1536x864.jpg 1536w, https:\/\/cruceroalparaiso.gr\/wp-content\/uploads\/2025\/04\/IMG_0998-18x10.jpg 18w, https:\/\/cruceroalparaiso.gr\/wp-content\/uploads\/2025\/04\/IMG_0998.jpg 2048w\" sizes=\"(max-width: 1024px) 100vw, 1024px\" \/>\t\t\t\t\t\t\t\t\t\t\t\t\t\t\t<\/div>\n\t\t\t\t<\/div>\n\t\t\t\t<div class=\"elementor-element elementor-element-57eec9e elementor-widget elementor-widget-text-editor\" data-id=\"57eec9e\" data-element_type=\"widget\" data-e-type=\"widget\" data-widget_type=\"text-editor.default\">\n\t\t\t\t<div class=\"elementor-widget-container\">\n\t\t\t\t\t\t\t\t\t<p>Sie k\u00f6nnen Ihre eigene Veranstaltung auf unserem Boot organisieren, da wir Junggesellenabschiede, Junggesellinnenabschiede, Geburtstagsfeiern und Bootstransfers f\u00fcr Hochzeiten durchf\u00fchren.<\/p>\t\t\t\t\t\t\t\t<\/div>\n\t\t\t\t<\/div>\n\t\t\t\t<div class=\"elementor-element elementor-element-0efe4a3 elementor-align-center elementor-button-info elementor-mobile-align-center elementor-widget elementor-widget-button\" data-id=\"0efe4a3\" data-element_type=\"widget\" data-e-type=\"widget\" data-widget_type=\"button.default\">\n\t\t\t\t<div class=\"elementor-widget-container\">\n\t\t\t\t\t\t\t\t\t<div class=\"elementor-button-wrapper\">\n\t\t\t\t\t<a class=\"elementor-button elementor-button-link elementor-size-sm\" href=\"https:\/\/cruceroalparaiso.gr\/de\/booking-form\/\">\n\t\t\t\t\t\t<span class=\"elementor-button-content-wrapper\">\n\t\t\t\t\t\t\t\t\t<span class=\"elementor-button-text\">Jetzt buchen<\/span>\n\t\t\t\t\t<\/span>\n\t\t\t\t\t<\/a>\n\t\t\t\t<\/div>\n\t\t\t\t\t\t\t\t<\/div>\n\t\t\t\t<\/div>\n\t\t\t\t<\/div>\n\t\t\t\t<\/div>\n\t\t<div class=\"elementor-element elementor-element-77dc1922 e-con-full e-flex e-con e-parent\" data-id=\"77dc1922\" data-element_type=\"container\" data-e-type=\"container\" data-settings=\"{&quot;background_background&quot;:&quot;classic&quot;}\">\n\t\t<div class=\"elementor-element elementor-element-37fa000a e-con-full elementor-hidden-mobile e-flex e-con e-child\" data-id=\"37fa000a\" data-element_type=\"container\" data-e-type=\"container\">\n\t\t\t\t<div class=\"elementor-element elementor-element-068bdbb elementor-hidden-mobile elementor-widget elementor-widget-heading\" data-id=\"068bdbb\" data-element_type=\"widget\" data-e-type=\"widget\" data-widget_type=\"heading.default\">\n\t\t\t\t<div class=\"elementor-widget-container\">\n\t\t\t\t\t<h2 class=\"elementor-heading-title elementor-size-default\">2) Rippenausschreibungen<\/h2>\t\t\t\t<\/div>\n\t\t\t\t<\/div>\n\t\t\t\t<\/div>\n\t\t<div class=\"elementor-element elementor-element-1c44eb83 e-con-full e-flex e-con e-child\" data-id=\"1c44eb83\" data-element_type=\"container\" data-e-type=\"container\">\n\t\t\t\t<div class=\"elementor-element elementor-element-1c1b26e9 elementor-hidden-desktop elementor-widget elementor-widget-heading\" data-id=\"1c1b26e9\" data-element_type=\"widget\" data-e-type=\"widget\" data-widget_type=\"heading.default\">\n\t\t\t\t<div class=\"elementor-widget-container\">\n\t\t\t\t\t<h2 class=\"elementor-heading-title elementor-size-default\">Rippenausschreibungen<\/h2>\t\t\t\t<\/div>\n\t\t\t\t<\/div>\n\t\t\t\t<div class=\"elementor-element elementor-element-181faadc elementor-widget elementor-widget-image\" data-id=\"181faadc\" data-element_type=\"widget\" data-e-type=\"widget\" data-widget_type=\"image.default\">\n\t\t\t\t<div class=\"elementor-widget-container\">\n\t\t\t\t\t\t\t\t\t\t\t\t\t\t\t<img decoding=\"async\" width=\"600\" height=\"400\" src=\"https:\/\/cruceroalparaiso.gr\/wp-content\/uploads\/2025\/04\/rib-tentering.jpeg\" class=\"attachment-large size-large wp-image-392\" alt=\"\" srcset=\"https:\/\/cruceroalparaiso.gr\/wp-content\/uploads\/2025\/04\/rib-tentering.jpeg 600w, https:\/\/cruceroalparaiso.gr\/wp-content\/uploads\/2025\/04\/rib-tentering-300x200.jpeg 300w, https:\/\/cruceroalparaiso.gr\/wp-content\/uploads\/2025\/04\/rib-tentering-18x12.jpeg 18w\" sizes=\"(max-width: 600px) 100vw, 600px\" \/>\t\t\t\t\t\t\t\t\t\t\t\t\t\t\t<\/div>\n\t\t\t\t<\/div>\n\t\t\t\t<div class=\"elementor-element elementor-element-75431996 elementor-widget elementor-widget-text-editor\" data-id=\"75431996\" data-element_type=\"widget\" data-e-type=\"widget\" data-widget_type=\"text-editor.default\">\n\t\t\t\t<div class=\"elementor-widget-container\">\n\t\t\t\t\t\t\t\t\t<p>Mieten Sie ein RIB-Boot als Beiboot f\u00fcr Yachten. Nutzen Sie unsere RIBs, um Vorr\u00e4te oder Passagiere vom und zum Ufer zu transportieren. Nutzen Sie unsere RIBs, um kleine Str\u00e4nde zu besuchen, zu denen Ihre Yacht keinen Zugang hat.<\/p>\t\t\t\t\t\t\t\t<\/div>\n\t\t\t\t<\/div>\n\t\t\t\t<div class=\"elementor-element elementor-element-e1acb85 elementor-align-center elementor-button-info elementor-mobile-align-center elementor-widget elementor-widget-button\" data-id=\"e1acb85\" data-element_type=\"widget\" data-e-type=\"widget\" data-widget_type=\"button.default\">\n\t\t\t\t<div class=\"elementor-widget-container\">\n\t\t\t\t\t\t\t\t\t<div class=\"elementor-button-wrapper\">\n\t\t\t\t\t<a class=\"elementor-button elementor-button-link elementor-size-sm\" href=\"https:\/\/cruceroalparaiso.gr\/de\/booking-form\/\">\n\t\t\t\t\t\t<span class=\"elementor-button-content-wrapper\">\n\t\t\t\t\t\t\t\t\t<span class=\"elementor-button-text\">Jetzt buchen<\/span>\n\t\t\t\t\t<\/span>\n\t\t\t\t\t<\/a>\n\t\t\t\t<\/div>\n\t\t\t\t\t\t\t\t<\/div>\n\t\t\t\t<\/div>\n\t\t\t\t<\/div>\n\t\t\t\t<\/div>\n\t\t<div class=\"elementor-element elementor-element-198dbd1 e-con-full e-flex e-con e-parent\" data-id=\"198dbd1\" data-element_type=\"container\" data-e-type=\"container\" data-settings=\"{&quot;background_background&quot;:&quot;classic&quot;}\">\n\t\t<div class=\"elementor-element elementor-element-59cec665 e-con-full e-flex e-con e-child\" data-id=\"59cec665\" data-element_type=\"container\" data-e-type=\"container\">\n\t\t\t\t<div class=\"elementor-element elementor-element-22ff3ab elementor-widget elementor-widget-heading\" data-id=\"22ff3ab\" data-element_type=\"widget\" data-e-type=\"widget\" data-widget_type=\"heading.default\">\n\t\t\t\t<div class=\"elementor-widget-container\">\n\t\t\t\t\t<h2 class=\"elementor-heading-title elementor-size-default\">3) Boote f\u00fcr SOS<\/h2>\t\t\t\t<\/div>\n\t\t\t\t<\/div>\n\t\t\t\t<\/div>\n\t\t<div class=\"elementor-element elementor-element-2739d486 e-con-full e-flex e-con e-child\" data-id=\"2739d486\" data-element_type=\"container\" data-e-type=\"container\">\n\t\t\t\t<div class=\"elementor-element elementor-element-134c7cc7 elementor-widget elementor-widget-image\" data-id=\"134c7cc7\" data-element_type=\"widget\" data-e-type=\"widget\" data-widget_type=\"image.default\">\n\t\t\t\t<div class=\"elementor-widget-container\">\n\t\t\t\t\t\t\t\t\t\t\t\t\t\t\t<img decoding=\"async\" width=\"600\" height=\"401\" src=\"https:\/\/cruceroalparaiso.gr\/wp-content\/uploads\/2025\/04\/sosboat.jpeg\" class=\"attachment-large size-large wp-image-391\" alt=\"\" srcset=\"https:\/\/cruceroalparaiso.gr\/wp-content\/uploads\/2025\/04\/sosboat.jpeg 600w, https:\/\/cruceroalparaiso.gr\/wp-content\/uploads\/2025\/04\/sosboat-300x201.jpeg 300w, https:\/\/cruceroalparaiso.gr\/wp-content\/uploads\/2025\/04\/sosboat-18x12.jpeg 18w\" sizes=\"(max-width: 600px) 100vw, 600px\" \/>\t\t\t\t\t\t\t\t\t\t\t\t\t\t\t<\/div>\n\t\t\t\t<\/div>\n\t\t\t\t<div class=\"elementor-element elementor-element-25cced38 elementor-widget elementor-widget-text-editor\" data-id=\"25cced38\" data-element_type=\"widget\" data-e-type=\"widget\" data-widget_type=\"text-editor.default\">\n\t\t\t\t<div class=\"elementor-widget-container\">\n\t\t\t\t\t\t\t\t\t<p>Wir haben Boote f\u00fcr Notf\u00e4lle wie den Transport von Treibstoff oder anderen Booten im Hafen. Unsere Boote entsprechen allen Spezifikationen f\u00fcr den sicheren Transport von 1 bis 10 Personen an den vorbestimmten Zielort.<\/p>\t\t\t\t\t\t\t\t<\/div>\n\t\t\t\t<\/div>\n\t\t\t\t<div class=\"elementor-element elementor-element-4ded363 elementor-align-center elementor-button-info elementor-mobile-align-center elementor-widget elementor-widget-button\" data-id=\"4ded363\" data-element_type=\"widget\" data-e-type=\"widget\" data-widget_type=\"button.default\">\n\t\t\t\t<div class=\"elementor-widget-container\">\n\t\t\t\t\t\t\t\t\t<div class=\"elementor-button-wrapper\">\n\t\t\t\t\t<a class=\"elementor-button elementor-button-link elementor-size-sm\" href=\"https:\/\/cruceroalparaiso.gr\/de\/booking-form\/\">\n\t\t\t\t\t\t<span class=\"elementor-button-content-wrapper\">\n\t\t\t\t\t\t\t\t\t<span class=\"elementor-button-text\">Jetzt buchen<\/span>\n\t\t\t\t\t<\/span>\n\t\t\t\t\t<\/a>\n\t\t\t\t<\/div>\n\t\t\t\t\t\t\t\t<\/div>\n\t\t\t\t<\/div>\n\t\t\t\t<\/div>\n\t\t\t\t<\/div>\n\t\t<div class=\"elementor-element elementor-element-6f451612 e-flex e-con-boxed e-con e-parent\" data-id=\"6f451612\" data-element_type=\"container\" data-e-type=\"container\" data-settings=\"{&quot;background_background&quot;:&quot;classic&quot;}\">\n\t\t\t\t\t<div class=\"e-con-inner\">\n\t\t\t\t<div class=\"elementor-element elementor-element-422c7664 elementor-widget elementor-widget-heading\" data-id=\"422c7664\" data-element_type=\"widget\" data-e-type=\"widget\" data-widget_type=\"heading.default\">\n\t\t\t\t<div class=\"elementor-widget-container\">\n\t\t\t\t\t<h3 class=\"elementor-heading-title elementor-size-default\">F\u00fcr weitere Informationen oder Zusammenarbeit<\/h3>\t\t\t\t<\/div>\n\t\t\t\t<\/div>\n\t\t\t\t<div class=\"elementor-element elementor-element-67cea852 elementor-widget elementor-widget-text-editor\" data-id=\"67cea852\" data-element_type=\"widget\" data-e-type=\"widget\" data-widget_type=\"text-editor.default\">\n\t\t\t\t<div class=\"elementor-widget-container\">\n\t\t\t\t\t\t\t\t\t<p>z\u00f6gern Sie nicht, uns zu kontaktieren, und wir werden uns so schnell wie m\u00f6glich bei Ihnen melden. Wir danken Ihnen!<\/p>\t\t\t\t\t\t\t\t<\/div>\n\t\t\t\t<\/div>\n\t\t\t\t<div class=\"elementor-element elementor-element-996db32 elementor-align-center elementor-button-info elementor-widget elementor-widget-button\" data-id=\"996db32\" data-element_type=\"widget\" data-e-type=\"widget\" data-widget_type=\"button.default\">\n\t\t\t\t<div class=\"elementor-widget-container\">\n\t\t\t\t\t\t\t\t\t<div class=\"elementor-button-wrapper\">\n\t\t\t\t\t<a class=\"elementor-button elementor-button-link elementor-size-sm\" href=\"https:\/\/new.cruceroalparaiso.gr\/contact\/\">\n\t\t\t\t\t\t<span class=\"elementor-button-content-wrapper\">\n\t\t\t\t\t\t\t\t\t<span class=\"elementor-button-text\">Kontakt<\/span>\n\t\t\t\t\t<\/span>\n\t\t\t\t\t<\/a>\n\t\t\t\t<\/div>\n\t\t\t\t\t\t\t\t<\/div>\n\t\t\t\t<\/div>\n\t\t\t\t\t<\/div>\n\t\t\t\t<\/div>\n\t\t\t\t<\/div>","protected":false},"excerpt":{"rendered":"<p>Sea Services Sea Services No matter the occasion \u2014 we are here to make your time at sea safe, memorable, and effortless. 1) Special Events You can organize your own event on our boat as we undertake bachelor, bachelorette party, birthday party and boat transfer for weddings. Book Now 2) Rib Tendering Rib Tendering Rent [&hellip;]<\/p>\n","protected":false},"author":2,"featured_media":0,"parent":0,"menu_order":0,"comment_status":"closed","ping_status":"closed","template":"elementor_header_footer","meta":{"footnotes":""},"class_list":["post-30","page","type-page","status-publish","hentry"],"blocksy_meta":[],"yoast_head":"<!-- This site is optimized with the Yoast SEO plugin v27.1.1 - https:\/\/yoast.com\/product\/yoast-seo-wordpress\/ -->\n<title>Services - cruceroalparaiso.gr Special events boat trips<\/title>\n<meta name=\"description\" content=\"Special events boat trips\" \/>\n<meta name=\"robots\" content=\"index, follow, max-snippet:-1, max-image-preview:large, max-video-preview:-1\" \/>\n<link rel=\"canonical\" href=\"https:\/\/cruceroalparaiso.gr\/de\/special-events-boat-trips\/\" \/>\n<meta property=\"og:locale\" content=\"de_DE\" \/>\n<meta property=\"og:type\" content=\"article\" \/>\n<meta property=\"og:title\" content=\"Services - cruceroalparaiso.gr Special events boat trips\" \/>\n<meta property=\"og:description\" content=\"Special events boat trips\" \/>\n<meta property=\"og:url\" content=\"https:\/\/cruceroalparaiso.gr\/de\/special-events-boat-trips\/\" \/>\n<meta property=\"og:site_name\" content=\"cruceroalparaiso.gr\" \/>\n<meta property=\"article:modified_time\" content=\"2025-05-08T16:52:16+00:00\" \/>\n<meta property=\"og:image\" content=\"https:\/\/cruceroalparaiso.gr\/wp-content\/uploads\/2025\/04\/IMG_0998.jpg\" \/>\n\t<meta property=\"og:image:width\" content=\"2048\" \/>\n\t<meta property=\"og:image:height\" content=\"1152\" \/>\n\t<meta property=\"og:image:type\" content=\"image\/jpeg\" \/>\n<meta name=\"twitter:card\" content=\"summary_large_image\" \/>\n<meta name=\"twitter:label1\" content=\"Gesch\u00e4tzte Lesezeit\" \/>\n\t<meta name=\"twitter:data1\" content=\"2\u00a0Minuten\" \/>\n<script type=\"application\/ld+json\" class=\"yoast-schema-graph\">{\"@context\":\"https:\/\/schema.org\",\"@graph\":[{\"@type\":\"WebPage\",\"@id\":\"https:\/\/cruceroalparaiso.gr\/special-events-boat-trips\/\",\"url\":\"https:\/\/cruceroalparaiso.gr\/special-events-boat-trips\/\",\"name\":\"Services - cruceroalparaiso.gr Special events boat trips\",\"isPartOf\":{\"@id\":\"https:\/\/cruceroalparaiso.gr\/#website\"},\"primaryImageOfPage\":{\"@id\":\"https:\/\/cruceroalparaiso.gr\/special-events-boat-trips\/#primaryimage\"},\"image\":{\"@id\":\"https:\/\/cruceroalparaiso.gr\/special-events-boat-trips\/#primaryimage\"},\"thumbnailUrl\":\"https:\/\/cruceroalparaiso.gr\/wp-content\/uploads\/2025\/04\/IMG_0998-1024x576.jpg\",\"datePublished\":\"2025-04-14T05:48:21+00:00\",\"dateModified\":\"2025-05-08T16:52:16+00:00\",\"description\":\"Special events boat trips\",\"breadcrumb\":{\"@id\":\"https:\/\/cruceroalparaiso.gr\/special-events-boat-trips\/#breadcrumb\"},\"inLanguage\":\"de\",\"potentialAction\":[{\"@type\":\"ReadAction\",\"target\":[\"https:\/\/cruceroalparaiso.gr\/special-events-boat-trips\/\"]}]},{\"@type\":\"ImageObject\",\"inLanguage\":\"de\",\"@id\":\"https:\/\/cruceroalparaiso.gr\/special-events-boat-trips\/#primaryimage\",\"url\":\"https:\/\/cruceroalparaiso.gr\/wp-content\/uploads\/2025\/04\/IMG_0998-1024x576.jpg\",\"contentUrl\":\"https:\/\/cruceroalparaiso.gr\/wp-content\/uploads\/2025\/04\/IMG_0998-1024x576.jpg\"},{\"@type\":\"BreadcrumbList\",\"@id\":\"https:\/\/cruceroalparaiso.gr\/special-events-boat-trips\/#breadcrumb\",\"itemListElement\":[{\"@type\":\"ListItem\",\"position\":1,\"name\":\"Home\",\"item\":\"https:\/\/cruceroalparaiso.gr\/\"},{\"@type\":\"ListItem\",\"position\":2,\"name\":\"Services\"}]},{\"@type\":\"WebSite\",\"@id\":\"https:\/\/cruceroalparaiso.gr\/#website\",\"url\":\"https:\/\/cruceroalparaiso.gr\/\",\"name\":\"cruceroalparaiso.gr\",\"description\":\"Private tours in Chania\",\"publisher\":{\"@id\":\"https:\/\/cruceroalparaiso.gr\/#organization\"},\"potentialAction\":[{\"@type\":\"SearchAction\",\"target\":{\"@type\":\"EntryPoint\",\"urlTemplate\":\"https:\/\/cruceroalparaiso.gr\/?s={search_term_string}\"},\"query-input\":{\"@type\":\"PropertyValueSpecification\",\"valueRequired\":true,\"valueName\":\"search_term_string\"}}],\"inLanguage\":\"de\"},{\"@type\":\"Organization\",\"@id\":\"https:\/\/cruceroalparaiso.gr\/#organization\",\"name\":\"cruceroalparaiso.gr\",\"url\":\"https:\/\/cruceroalparaiso.gr\/\",\"logo\":{\"@type\":\"ImageObject\",\"inLanguage\":\"de\",\"@id\":\"https:\/\/cruceroalparaiso.gr\/#\/schema\/logo\/image\/\",\"url\":\"https:\/\/cruceroalparaiso.gr\/wp-content\/uploads\/2025\/04\/cruceroalparaiso-logo-2-4.png\",\"contentUrl\":\"https:\/\/cruceroalparaiso.gr\/wp-content\/uploads\/2025\/04\/cruceroalparaiso-logo-2-4.png\",\"width\":1161,\"height\":1276,\"caption\":\"cruceroalparaiso.gr\"},\"image\":{\"@id\":\"https:\/\/cruceroalparaiso.gr\/#\/schema\/logo\/image\/\"}}]}<\/script>\n<!-- \/ Yoast SEO plugin. -->","yoast_head_json":{"title":"Services - cruceroalparaiso.gr Special events boat trips","description":"Special events boat trips","robots":{"index":"index","follow":"follow","max-snippet":"max-snippet:-1","max-image-preview":"max-image-preview:large","max-video-preview":"max-video-preview:-1"},"canonical":"https:\/\/cruceroalparaiso.gr\/de\/special-events-boat-trips\/","og_locale":"de_DE","og_type":"article","og_title":"Services - cruceroalparaiso.gr Special events boat trips","og_description":"Special events boat trips","og_url":"https:\/\/cruceroalparaiso.gr\/de\/special-events-boat-trips\/","og_site_name":"cruceroalparaiso.gr","article_modified_time":"2025-05-08T16:52:16+00:00","og_image":[{"width":2048,"height":1152,"url":"https:\/\/cruceroalparaiso.gr\/wp-content\/uploads\/2025\/04\/IMG_0998.jpg","type":"image\/jpeg"}],"twitter_card":"summary_large_image","twitter_misc":{"Gesch\u00e4tzte Lesezeit":"2\u00a0Minuten"},"schema":{"@context":"https:\/\/schema.org","@graph":[{"@type":"WebPage","@id":"https:\/\/cruceroalparaiso.gr\/special-events-boat-trips\/","url":"https:\/\/cruceroalparaiso.gr\/special-events-boat-trips\/","name":"Services - cruceroalparaiso.gr Special events boat trips","isPartOf":{"@id":"https:\/\/cruceroalparaiso.gr\/#website"},"primaryImageOfPage":{"@id":"https:\/\/cruceroalparaiso.gr\/special-events-boat-trips\/#primaryimage"},"image":{"@id":"https:\/\/cruceroalparaiso.gr\/special-events-boat-trips\/#primaryimage"},"thumbnailUrl":"https:\/\/cruceroalparaiso.gr\/wp-content\/uploads\/2025\/04\/IMG_0998-1024x576.jpg","datePublished":"2025-04-14T05:48:21+00:00","dateModified":"2025-05-08T16:52:16+00:00","description":"Special events boat trips","breadcrumb":{"@id":"https:\/\/cruceroalparaiso.gr\/special-events-boat-trips\/#breadcrumb"},"inLanguage":"de","potentialAction":[{"@type":"ReadAction","target":["https:\/\/cruceroalparaiso.gr\/special-events-boat-trips\/"]}]},{"@type":"ImageObject","inLanguage":"de","@id":"https:\/\/cruceroalparaiso.gr\/special-events-boat-trips\/#primaryimage","url":"https:\/\/cruceroalparaiso.gr\/wp-content\/uploads\/2025\/04\/IMG_0998-1024x576.jpg","contentUrl":"https:\/\/cruceroalparaiso.gr\/wp-content\/uploads\/2025\/04\/IMG_0998-1024x576.jpg"},{"@type":"BreadcrumbList","@id":"https:\/\/cruceroalparaiso.gr\/special-events-boat-trips\/#breadcrumb","itemListElement":[{"@type":"ListItem","position":1,"name":"Home","item":"https:\/\/cruceroalparaiso.gr\/"},{"@type":"ListItem","position":2,"name":"Services"}]},{"@type":"WebSite","@id":"https:\/\/cruceroalparaiso.gr\/#website","url":"https:\/\/cruceroalparaiso.gr\/","name":"cruceroalparaiso.gr","description":"Private Touren in Chania","publisher":{"@id":"https:\/\/cruceroalparaiso.gr\/#organization"},"potentialAction":[{"@type":"SearchAction","target":{"@type":"EntryPoint","urlTemplate":"https:\/\/cruceroalparaiso.gr\/?s={search_term_string}"},"query-input":{"@type":"PropertyValueSpecification","valueRequired":true,"valueName":"search_term_string"}}],"inLanguage":"de"},{"@type":"Organization","@id":"https:\/\/cruceroalparaiso.gr\/#organization","name":"cruceroalparaiso.gr","url":"https:\/\/cruceroalparaiso.gr\/","logo":{"@type":"ImageObject","inLanguage":"de","@id":"https:\/\/cruceroalparaiso.gr\/#\/schema\/logo\/image\/","url":"https:\/\/cruceroalparaiso.gr\/wp-content\/uploads\/2025\/04\/cruceroalparaiso-logo-2-4.png","contentUrl":"https:\/\/cruceroalparaiso.gr\/wp-content\/uploads\/2025\/04\/cruceroalparaiso-logo-2-4.png","width":1161,"height":1276,"caption":"cruceroalparaiso.gr"},"image":{"@id":"https:\/\/cruceroalparaiso.gr\/#\/schema\/logo\/image\/"}}]}},"_links":{"self":[{"href":"https:\/\/cruceroalparaiso.gr\/de\/wp-json\/wp\/v2\/pages\/30","targetHints":{"allow":["GET"]}}],"collection":[{"href":"https:\/\/cruceroalparaiso.gr\/de\/wp-json\/wp\/v2\/pages"}],"about":[{"href":"https:\/\/cruceroalparaiso.gr\/de\/wp-json\/wp\/v2\/types\/page"}],"author":[{"embeddable":true,"href":"https:\/\/cruceroalparaiso.gr\/de\/wp-json\/wp\/v2\/users\/2"}],"replies":[{"embeddable":true,"href":"https:\/\/cruceroalparaiso.gr\/de\/wp-json\/wp\/v2\/comments?post=30"}],"version-history":[{"count":0,"href":"https:\/\/cruceroalparaiso.gr\/de\/wp-json\/wp\/v2\/pages\/30\/revisions"}],"wp:attachment":[{"href":"https:\/\/cruceroalparaiso.gr\/de\/wp-json\/wp\/v2\/media?parent=30"}],"curies":[{"name":"wp","href":"https:\/\/api.w.org\/{rel}","templated":true}]}}